{"id":3869,"date":"2022-12-15T15:20:50","date_gmt":"2022-12-15T14:20:50","guid":{"rendered":"https:\/\/www.bellagambi.com\/site\/?page_id=3869"},"modified":"2022-12-15T15:36:20","modified_gmt":"2022-12-15T14:36:20","slug":"informativa-sulla-privacy","status":"publish","type":"page","link":"https:\/\/www.bellagambi.com\/site\/en\/informativa-sulla-privacy\/","title":{"rendered":"Informativa sulla Privacy"},"content":{"rendered":"<div class=\"wpb-content-wrapper\"><p>[vc_row row_type=&#8221;row&#8221; use_row_as_full_screen_section=&#8221;no&#8221; type=&#8221;full_width&#8221; text_align=&#8221;left&#8221; padding_top=&#8221;25&#8243; box_shadow_on_row=&#8221;no&#8221;][vc_column][vc_column_text]<\/p>\n<div class=\"vc_wp_text wpb_content_element\">\n<div class=\"widget widget_text\">\n<div class=\"textwidget\">\n<h2 class=\"widgettitle\">Informativa sulla Privacy<\/h2>\n<p>&nbsp;<\/p>\n<p>La Politica sulla privacy di\u00a0<strong>Fabio Bellagambi e eredi <\/strong>\u00e8 stata aggiornata in virt\u00f9 della piena applicazione del Regolamento UE 2016\/679.<br \/>\nLa tua privacy \u00e8 importante per <strong>Fabio Bellagambi e eredi<\/strong> abbiamo quindi sviluppato una Politica sulla privacy che regola il modo in cui raccogliamo, utilizziamo, trasferiamo e archiviamo i tuoi dati personali.<\/p>\n<p>&nbsp;<\/p>\n<\/div>\n<\/div>\n<\/div>\n<div class=\"vc_wp_text wpb_content_element\">\n<div class=\"widget widget_text\">\n<h3 class=\"widgettitle\">Raccolta e utilizzo delle informazioni personali<\/h3>\n<div class=\"textwidget\">\n<p>Le informazioni personali sono dati che possono essere utilizzati per identificare o contattare una determinata persona.<br \/>\nPotrebbe esserti richiesto di fornire i tuoi dati personali ogni volta che entri in contatto con <strong>Fabio Bellagambi e eredi<\/strong> potr\u00e0 condividere questi dati e utilizzarli conformemente alla presente Politica sulla privacy. Potr\u00e0 anche combinarli con altri dati per fornire e migliorare prodotti, servizi, contenuti e materiali pubblicitari. Non sei tenuto a fornire i dati personali da noi richiesti; se decidi di non fornirli, tuttavia, in molti casi non potremo offrirti i nostri prodotti o servizi oppure rispondere alle tue domande.<br \/>\nEcco alcune tipologie di dati personali che <strong>Fabio Bellagambi e eredi<\/strong> potrebbe raccogliere, e relativi utilizzi.<\/p>\n<p>&nbsp;<\/p>\n<\/div>\n<\/div>\n<\/div>\n<div class=\"vc_wp_text wpb_content_element\">\n<div class=\"widget widget_text\">\n<h3 class=\"widgettitle\">Quali dati personali raccogliamo<\/h3>\n<div class=\"textwidget\">\n<p>\u2022 Quando navighi sul sito <a href=\"https:\/\/www.bellagambi.com\">www.bellagambi.com<\/a> possiamo raccogliere una serie di dati, tra cui nome, indirizzo, numero di telefono, indirizzo email, preferenze di contatto, codici identificativi dei dispositivi, indirizzo IP, informazioni sulla posizione.<br \/>\n\u2022 <strong>Fabio Bellagambi e eredi<\/strong> utilizzer\u00e0 tali informazioni per soddisfare le tue richieste, fornirti i prodotti o i servizi pertinenti alle tue esigenze.<\/p>\n<p>&nbsp;<\/p>\n<\/div>\n<\/div>\n<\/div>\n<div class=\"vc_wp_text wpb_content_element\">\n<div class=\"widget widget_text\">\n<h3 class=\"widgettitle\">Come utilizziamo i tuoi dati personali<\/h3>\n<div class=\"textwidget\">\n<p>Possiamo elaborare i tuoi dati personali ai fini descritti in questa Politica sulla privacy con il tuo consenso, per conformit\u00e0 a obblighi legali a cui <strong>Fabio Bellagambi e eredi<\/strong> sia soggetta oppure in caso lo ritenessimo necessario per interessi legittimi perseguiti da <strong>Fabio Bellagambi e eredi<\/strong> o da terze parti a cui sia necessario fornire i dati.<br \/>\n\u2022 I dati personali da noi raccolti ci permettono di tenerti aggiornato sugli annunci degli ultimi prodotti di <strong>Fabio Bellagambi e eredi<\/strong>, e sui prossimi eventi. Se non vuoi essere incluso nella nostra mailing list, puoi cancellarti in qualsiasi momento nella sezione specifica.<br \/>\n\u2022 Utilizziamo i dati personali anche per sviluppare, fornire e migliorare i nostri prodotti, servizi, contenuti e materiali pubblicitari, nonch\u00e9 per prevenire perdite e frodi. Inoltre, possiamo utilizzarli per garantire la sicurezza della rete e dell\u2019account, nonch\u00e9 per proteggere i nostri servizi a vantaggio di tutti i nostri utenti. Limitiamo il nostro utilizzo dei dati per fini antifrode a quanto strettamente necessario ed entro i limiti riconosciuti dei nostri legittimi interessi per proteggere i nostri clienti e servizi.<br \/>\n\u2022 Possiamo utilizzare periodicamente i tuoi dati personali per inviare avvisi importanti, come comunicazioni relative ai servizi offerti, nonch\u00e9 alle nostre condizioni e politiche. Poich\u00e9 tali dati sono importanti per la tua interazione con <strong>Fabio Bellagambi e eredi<\/strong>, non puoi richiedere di non ricevere queste comunicazioni.<br \/>\n\u2022 Possiamo, inoltre, utilizzare dati personali a fini interni, per verifiche, analisi dei dati e ricerche per migliorare i prodotti, i servizi e le comunicazioni con i clienti di <strong>Fabio Bellagambi e eredi.<\/strong><\/p>\n<p>&nbsp;<\/p>\n<\/div>\n<\/div>\n<\/div>\n<div class=\"vc_wp_text wpb_content_element\">\n<div class=\"widget widget_text\">\n<h3 class=\"widgettitle\">Origine dei tuoi dati personali raccolti da altre fonti<\/h3>\n<div class=\"textwidget\">\n<p><strong>Fabio Bellagambi e eredi<\/strong>\u00a0pu\u00f2 aver ricevuto i tuoi dati personali anche da altre persone che abbiano condiviso i loro contenuti con te utilizzando prodotti\u00a0<strong>Fabio Bellagambi e eredi<\/strong>. Ai fini di ricerca e sviluppo, possiamo utilizzare set di dati contenenti immagini o altri dati che potrebbero essere associati a una persona in modo da identificarla. Quando acquisiamo questi set di dati, lo facciamo in conformit\u00e0 alle leggi applicabili nella giurisdizione in cui \u00e8 ospitato il set di dati. Durante l\u2019uso di tali set di dati per ricerca e sviluppo, nessun tentativo viene effettuato per identificare le persone a cui appartengono i dati.<\/p>\n<p>&nbsp;<\/p>\n<\/div>\n<\/div>\n<\/div>\n<div class=\"vc_wp_text wpb_content_element\">\n<div class=\"widget widget_text\">\n<h3 class=\"widgettitle\">Raccolta e utilizzo di dati non personali<\/h3>\n<div class=\"textwidget\">\n<p>Raccogliamo anche dati che sono in una forma tale da non permettere, di per s\u00e9, un\u2019associazione diretta con un individuo specifico. Possiamo raccogliere, utilizzare, trasferire e divulgare dati non personali per qualsiasi finalit\u00e0. Quelli che seguono sono alcuni esempi di dati non personali da noi raccolti e del relativo utilizzo:<br \/>\n\u2022 Possiamo, ad esempio, raccogliere dati su professione, lingua, codice postale, prefisso telefonico, codice identificativo unico del dispositivo, URL di riferimento, in modo da comprendere meglio il comportamento dei clienti e migliorare i nostri prodotti, servizi e materiali pubblicitari.<br \/>\n\u2022 Possiamo raccogliere dati in merito alle attivit\u00e0 dei clienti sul nostro sito web e da altri nostri prodotti e servizi. Questi dati sono aggregati e utilizzati per aiutarci a fornire informazioni pi\u00f9 utili ai nostri clienti e per comprendere quali parti del nostro sito web e dei nostri prodotti e servizi sono di maggior interesse. Ai sensi della presente Politica sulla privacy, i dati aggregati sono considerati informazioni non personali.<br \/>\n\u2022 Possiamo raccogliere e memorizzare i dettagli relativi all\u2019uso che gli utenti fanno dei nostri servizi, comprese le ricerche. Queste informazioni possono essere utilizzate per migliorare la pertinenza dei risultati forniti dai nostri servizi.<\/p>\n<p>&nbsp;<\/p>\n<\/div>\n<\/div>\n<\/div>\n<div class=\"vc_wp_text wpb_content_element\">\n<div class=\"widget widget_text\">\n<h3 class=\"widgettitle\">Divulgazione a terzi<\/h3>\n<div class=\"textwidget\">\n<p><strong>Fabio Bellagambi e eredi<\/strong> pu\u00f2 rendere periodicamente disponibili determinati dati personali a partner strategici che collaborano con\u00a0<strong>Fabio Bellagambi e eredi<\/strong> alla fornitura di prodotti e servizi oppure che aiutano\u00a0<strong>Fabio Bellagambi e eredi<\/strong> nella vendita ai clienti. I dati personali saranno condivisi da\u00a0<strong>Fabio Bellagambi e eredi<\/strong> solamente per fornire o migliorare i suoi prodotti, servizi e materiali pubblicitari; non saranno condivisi con terzi per le finalit\u00e0 commerciali di questi ultimi.<\/p>\n<p>&nbsp;<\/p>\n<\/div>\n<\/div>\n<\/div>\n<div class=\"vc_wp_text wpb_content_element\">\n<div class=\"widget widget_text\">\n<h3 class=\"widgettitle\">Altri<\/h3>\n<div class=\"textwidget\">\n<p>Potrebbe essere necessario che <strong>Fabio Bellagambi e eredi<\/strong> (per legge, procedimento giudiziario, contenzioso e\/o richieste da parte di autorit\u00e0 pubbliche e governative all\u2019interno o al di fuori del tuo Paese di residenza) divulghi i tuoi dati personali. Potremmo anche divulgare i tuoi dati se dovessimo ritenere che, per finalit\u00e0 di sicurezza nazionale, rispetto della legge o altre questioni di importanza pubblica, sia necessario o opportuno farlo.<br \/>\nPotremmo divulgare i tuoi dati anche nel caso in cui dovessimo ritenere che la divulgazione sia ragionevolmente necessaria per applicare i nostri termini e condizioni o per proteggere le nostre attivit\u00e0 o gli utenti. In caso di riorganizzazione, fusione o vendita, inoltre, potremmo trasferire ai terzi interessati da tali operazioni tutti i dati personali da noi raccolti.<\/p>\n<p>&nbsp;<\/p>\n<\/div>\n<\/div>\n<\/div>\n<div class=\"vc_wp_text wpb_content_element\">\n<div class=\"widget widget_text\">\n<h3 class=\"widgettitle\">Protezione dei dati personali<\/h3>\n<div class=\"textwidget\">\n<p><strong>Fabio Bellagambi e eredi<\/strong>\u00a0si prende cura della sicurezza dei tuoi dati personali. Per l\u2019archiviazione dei dati personali da parte di\u00a0<strong>Fabio Bellagambi e eredi<\/strong> vengono utilizzati sistemi informativi con accesso limitato, situati presso strutture che adottano misure di sicurezza fisica. I dati sono archiviati in forma crittografata, anche nei casi in cui utilizziamo soluzioni di archiviazione di terze parti.<\/p>\n<p>&nbsp;<\/p>\n<\/div>\n<\/div>\n<\/div>\n<div class=\"vc_wp_text wpb_content_element\">\n<div class=\"widget widget_text\">\n<h3 class=\"widgettitle\">Esistenza di procedure decisionali automatizzate, inclusa la profilazione<\/h3>\n<div class=\"textwidget\">\n<p><strong>Fabio Bellagambi e eredi<\/strong> non prende alcuna decisione riguardante l\u2019uso di algoritmi o profilazione che ti riguardi in modo significativo.<\/p>\n<p>&nbsp;<\/p>\n<\/div>\n<\/div>\n<\/div>\n<div class=\"vc_wp_text wpb_content_element\">\n<div class=\"widget widget_text\">\n<h3 class=\"widgettitle\">Integrit\u00e0 e conservazione dei dati personali<\/h3>\n<div class=\"textwidget\">\n<p><strong>Fabio Bellagambi e eredi<\/strong> facilita la conservazione dei tuoi dati personali in modo accurato, completo e aggiornato. Conserveremo i tuoi dati personali per il periodo necessario in base agli scopi delineati nella presente Politica sulla privacy. Nel decidere questi periodi valutiamo con attenzione la nostra necessit\u00e0 effettiva di raccogliere dati personali e se riteniamo che ve ne sia una necessit\u00e0 determinante, li conserviamo solo per il periodo pi\u00f9 breve possibile necessario per realizzare lo scopo della raccolta, a meno che un periodo di conservazione maggiore non sia richiesto per legge.<\/p>\n<p>&nbsp;<\/p>\n<\/div>\n<\/div>\n<\/div>\n<div class=\"vc_wp_text wpb_content_element\">\n<div class=\"widget widget_text\">\n<h3 class=\"widgettitle\">Accesso ai dati personali<\/h3>\n<div class=\"textwidget\">\n<p>Puoi contribuire a garantire che le tue preferenze e i dati di contatto siano accurati, completi e aggiornati accedendo al <a href=\"https:\/\/www.bellagambi.com\">www.bellagambi.com<\/a>. Ti garantiremo l\u2019accesso agli altri dati personali da noi conservati e te ne forniremo una copia, affinch\u00e9 tu possa eseguire qualsiasi operazione desideri, per esempio richiedere di correggere i dati se inaccurati o cancellarli qualora\u00a0<strong>Fabio Bellagambi e eredi<\/strong> non sia tenuta a conservarli ai termini di legge o per legittime finalit\u00e0 commerciali. Possiamo rifiutare di dar seguito a richieste che siano futili\/moleste, danneggino la privacy di altri, siano estremamente difficili da soddisfare o laddove l\u2019accesso ai dati non sia comunque contemplato dalla legge locale.\u00a0<strong>Fabio Bellagambi e eredi<\/strong> pu\u00f2 anche rifiutarsi di soddisfare richieste di eliminazione o accesso ai dati nel caso in cui ritenga che adempiere a tale richiesta sia contrario all\u2019uso legittimo dei dati ai fini antifrode e per garantire la sicurezza, come descritto in precedenza.<\/p>\n<p>&nbsp;<\/p>\n<\/div>\n<\/div>\n<\/div>\n<div class=\"vc_wp_text wpb_content_element\">\n<div class=\"widget widget_text\">\n<h3 class=\"widgettitle\">Siti e servizi di terzi<\/h3>\n<div class=\"textwidget\">\n<p>I siti web, i prodotti, le applicazioni e i servizi di <strong>Fabio Bellagambi e eredi<\/strong> possono contenere link a siti web, prodotti e servizi di terzi.<br \/>\nI dati raccolti da terzi, che possono includere informazioni sulla posizione geografica o di contatto, sono regolamentati dalle rispettive politiche sulla privacy. Ti incoraggiamo a prendere visione delle politiche sulla privacy di tali terzi.<\/p>\n<p>&nbsp;<\/p>\n<\/div>\n<\/div>\n<\/div>\n<div class=\"vc_wp_text wpb_content_element\">\n<div class=\"widget widget_text\">\n<h3 class=\"widgettitle\">Il nostro impegno a livello aziendale per la tua privacy<\/h3>\n<div class=\"textwidget\">\n<p>Per essere certi che i tuoi dati personali siano sicuri, comunichiamo le nostre linee guida su privacy e sicurezza ai dipendenti\u00a0<strong>Fabio Bellagambi e eredi<\/strong> e applichiamo rigidamente le misure di sicurezza sulla privacy all\u2019interno dell\u2019azienda.<\/p>\n<p>&nbsp;<\/p>\n<\/div>\n<\/div>\n<\/div>\n<div class=\"vc_wp_text wpb_content_element\">\n<div class=\"widget widget_text\">\n<h3 class=\"widgettitle\">Domande sulla privacy<\/h3>\n<div class=\"textwidget\">\n<p>Se hai domande o dubbi in merito alla Politica sulla privacy di\u00a0<strong>Fabio Bellagambi e eredi<\/strong> o al trattamento dei dati, o inoltrare un reclamo per una possibile violazione delle leggi locali per la tutela della privacy, ti invitiamo ad inviare una raccomandata a\/r a\u00a0<strong>Fabio Bellagambi e eredi , <\/strong>P.Iva 07004280488, con sede in Via Borgo Ognissanti, 83R &#8211; Firenze (FI), oppure una email all\u2019indirizzo <a href=\"mailto:fabio@bellagambi.com\">fabio@bellagambi.com<\/a><\/p>\n<p><strong>Fabio Bellagambi e eredi<\/strong>\u00a0pu\u00f2 aggiornare periodicamente la Politica sulla privacy. In caso di modifiche sostanziali, verr\u00e0 pubblicato un avviso sul nostro sito web, insieme alla Politica sulla privacy aggiornata.<\/p>\n<p>&nbsp;<\/p>\n<\/div>\n<\/div>\n<\/div>\n<p>[\/vc_column_text][\/vc_column][\/vc_row][vc_row row_type=&#8221;row&#8221; use_row_as_full_screen_section=&#8221;no&#8221; type=&#8221;full_width&#8221; text_align=&#8221;left&#8221; box_shadow_on_row=&#8221;no&#8221;][vc_column][vc_empty_space height=&#8221;100px&#8221; image_repeat=&#8221;no-repeat&#8221;][\/vc_column][\/vc_row][vc_row row_type=&#8221;row&#8221; use_row_as_full_screen_section=&#8221;no&#8221; type=&#8221;full_width&#8221; text_align=&#8221;left&#8221; padding_top=&#8221;25&#8243; box_shadow_on_row=&#8221;no&#8221;][vc_column][vc_column_text]<\/p>\n<div class=\"vc_wp_text wpb_content_element\">\n<div class=\"widget widget_text\">\n<div class=\"textwidget\"><\/div>\n<\/div>\n<\/div>\n<\/div>","protected":false},"excerpt":{"rendered":"<p>[vc_row row_type=&#8221;row&#8221; use_row_as_full_screen_section=&#8221;no&#8221; type=&#8221;full_width&#8221; text_align=&#8221;left&#8221; padding_top=&#8221;25&#8243; box_shadow_on_row=&#8221;no&#8221;][vc_column][vc_column_text] Informativa sulla Privacy &nbsp; La Politica sulla privacy di\u00a0Fabio Bellagambi e eredi \u00e8 stata aggiornata in virt\u00f9 della piena applicazione del Regolamento UE 2016\/679. La tua privacy \u00e8 importante per Fabio Bellagambi e [&hellip;]<\/p>\n","protected":false},"author":1,"featured_media":0,"parent":0,"menu_order":0,"comment_status":"closed","ping_status":"closed","template":"","meta":{"footnotes":""},"class_list":["post-3869","page","type-page","status-publish","hentry"],"_links":{"self":[{"href":"https:\/\/www.bellagambi.com\/site\/en\/wp-json\/wp\/v2\/pages\/3869","targetHints":{"allow":["GET"]}}],"collection":[{"href":"https:\/\/www.bellagambi.com\/site\/en\/wp-json\/wp\/v2\/pages"}],"about":[{"href":"https:\/\/www.bellagambi.com\/site\/en\/wp-json\/wp\/v2\/types\/page"}],"author":[{"embeddable":true,"href":"https:\/\/www.bellagambi.com\/site\/en\/wp-json\/wp\/v2\/users\/1"}],"replies":[{"embeddable":true,"href":"https:\/\/www.bellagambi.com\/site\/en\/wp-json\/wp\/v2\/comments?post=3869"}],"version-history":[{"count":5,"href":"https:\/\/www.bellagambi.com\/site\/en\/wp-json\/wp\/v2\/pages\/3869\/revisions"}],"predecessor-version":[{"id":3878,"href":"https:\/\/www.bellagambi.com\/site\/en\/wp-json\/wp\/v2\/pages\/3869\/revisions\/3878"}],"wp:attachment":[{"href":"https:\/\/www.bellagambi.com\/site\/en\/wp-json\/wp\/v2\/media?parent=3869"}],"curies":[{"name":"wp","href":"https:\/\/api.w.org\/{rel}","templated":true}]}}